{"id":5129,"date":"2019-05-27T15:12:04","date_gmt":"2019-05-27T15:12:04","guid":{"rendered":"https:\/\/www.portedegarageandre.com\/porte-de-garage\/liftmaster-8355\/"},"modified":"2019-07-19T17:27:33","modified_gmt":"2019-07-19T17:27:33","slug":"liftmaster-8355","status":"publish","type":"product","link":"https:\/\/www.portedegarageandre.com\/en\/garage-door\/liftmaster-8355\/","title":{"rendered":"LiftMaster 8355"},"content":{"rendered":"<h2>Features<\/h2>\n<p>The model Liftmaster 8355 door operator is manufactured by the Chamberlain Group. The 8355 1\/2 HP Belt Drive Garage Door Opener is the perfect choice if you want both quiet and smooth-running reliability, or simply have rooms positioned above your garage. The 1\/2 HP heavy-duty motor is equipped with the patented Motor Vibration Isolation System (MVIS\u00ae) that eliminates powerhead vibration for reduced noise. As more convenient features, this operator also is equipped with built-in MyQ technology that lets you monitor and control your garage door and house lights remotely by using a computer or smartphone with the available LiftMaster Internet Gateway. Meets all UL325 requirements.<\/p>\n<ul>\n<li><strong>Drive system :<\/strong> Belt Drive<\/li>\n<li><strong>Horse power :<\/strong> 1\/2 HP<\/li>\n<li><strong>Voltage \/ phase :<\/strong> 120V 60Hz<\/li>\n<li><strong>Lighting System :<\/strong> 2 lights (100 watts max per light) with adjustable light time delay<\/li>\n<li><strong>Warranty* :<\/strong> Lifetime on motor and belt<\/li>\n<li><strong>Additional headroom required :<\/strong> 2&#8221;<\/li>\n<\/ul>\n<p><em>* Other parts of the are guaranteed for one year (The accessories are not covered by this warranty)<br \/>\nPlease refer to the manual for all details.<\/em><\/p>\n","protected":false},"excerpt":{"rendered":"<p>Le mod\u00e8le d\u2019ouvre-porte LiftMaster 8355 est fabriqu\u00e9 par le groupe Chamberlain. Son syst\u00e8me \u00e0 entra\u00eenement par courroie est le choix id\u00e9al pour les consommateurs \u00e0 la recherche d\u2019une performance silencieuse et fiable ou pour ceux ayant une chambre au-dessus de leur garage. Le moteur \u00bd CV robuste est \u00e9quip\u00e9 du syst\u00e8me \u00e0 isolation des vibrations, un concept qui \u00e9limine les vibrations du bloc moteur r\u00e9duisant ainsi le bruit au maximum. Ce mod\u00e8le d\u2019ouvre-porte est \u00e9galement disponible avec la nouvelle technologie MyQ\u00ae qui permet de surveiller et de faire fonctionner votre porte de garage et les lumi\u00e8res de la maison \u00e0 distance, en utilisant un ordinateur ou un t\u00e9l\u00e9phone intelligent via le LiftMaster Internet GatewayMC.<\/p>\n","protected":false},"featured_media":5130,"template":"","meta":{"inline_featured_image":false},"product_brand":[],"product_cat":[128],"product_tag":[],"class_list":{"0":"post-5129","1":"product","2":"type-product","3":"status-publish","4":"has-post-thumbnail","6":"product_cat-n-a","8":"first","9":"instock","10":"shipping-taxable","11":"product-type-simple"},"_links":{"self":[{"href":"https:\/\/www.portedegarageandre.com\/en\/wp-json\/wp\/v2\/product\/5129","targetHints":{"allow":["GET"]}}],"collection":[{"href":"https:\/\/www.portedegarageandre.com\/en\/wp-json\/wp\/v2\/product"}],"about":[{"href":"https:\/\/www.portedegarageandre.com\/en\/wp-json\/wp\/v2\/types\/product"}],"version-history":[{"count":0,"href":"https:\/\/www.portedegarageandre.com\/en\/wp-json\/wp\/v2\/product\/5129\/revisions"}],"wp:featuredmedia":[{"embeddable":true,"href":"https:\/\/www.portedegarageandre.com\/en\/wp-json\/wp\/v2\/media\/5130"}],"wp:attachment":[{"href":"https:\/\/www.portedegarageandre.com\/en\/wp-json\/wp\/v2\/media?parent=5129"}],"wp:term":[{"taxonomy":"product_brand","embeddable":true,"href":"https:\/\/www.portedegarageandre.com\/en\/wp-json\/wp\/v2\/product_brand?post=5129"},{"taxonomy":"product_cat","embeddable":true,"href":"https:\/\/www.portedegarageandre.com\/en\/wp-json\/wp\/v2\/product_cat?post=5129"},{"taxonomy":"product_tag","embeddable":true,"href":"https:\/\/www.portedegarageandre.com\/en\/wp-json\/wp\/v2\/product_tag?post=5129"}],"curies":[{"name":"wp","href":"https:\/\/api.w.org\/{rel}","templated":true}]}}